{"id":3368,"date":"2025-09-05T08:30:03","date_gmt":"2025-09-05T06:30:03","guid":{"rendered":"https:\/\/pesaminsk.052b.work\/?page_id=3368"},"modified":"2025-09-05T11:40:32","modified_gmt":"2025-09-05T09:40:32","slug":"internships-and-traineeships","status":"publish","type":"page","link":"https:\/\/pesaminsk.052b.work\/en\/internships-and-traineeships\/","title":{"rendered":"Internships and traineeships"},"content":{"rendered":"\t\t<div data-elementor-type=\"wp-page\" data-elementor-id=\"3368\" class=\"elementor elementor-3368 elementor-3354\" data-elementor-post-type=\"page\">\n\t\t\t\t<div class=\"elementor-element elementor-element-326f626 e-con-full e-flex e-con e-parent\" data-id=\"326f626\" data-element_type=\"container\">\n\t\t<div class=\"elementor-element elementor-element-e19fe0e e-flex e-con-boxed e-con e-child\" data-id=\"e19fe0e\" data-element_type=\"container\">\n\t\t\t\t\t<div class=\"e-con-inner\">\n\t\t\t\t<div class=\"elementor-element elementor-element-7f11a30 elementor-widget elementor-widget-heading\" data-id=\"7f11a30\" data-element_type=\"widget\" data-widget_type=\"heading.default\">\n\t\t\t\t<div class=\"elementor-widget-container\">\n\t\t\t\t\t<h1 class=\"elementor-heading-title elementor-size-default\">Internships and apprenticeships <br \/>at PESA Mi\u0144sk Mazowiecki S.A.<\/h1>\t\t\t\t<\/div>\n\t\t\t\t<\/div>\n\t\t\t\t<div class=\"elementor-element elementor-element-fa9dcc1 elementor-widget__width-initial elementor-widget elementor-widget-text-editor\" data-id=\"fa9dcc1\" data-element_type=\"widget\" data-widget_type=\"text-editor.default\">\n\t\t\t\t<div class=\"elementor-widget-container\">\n\t\t\t\t\t\t\t\t\t<p>Jako dynamicznie rozwijaj\u0105ca si\u0119 Sp\u00f3\u0142ka, otwarta na nowe wyzwania, wierzymy w potencja\u0142 ludzi m\u0142odych, kreatywnych i ambitnych.<br \/>Sta\u017c lub praktyka w naszej Sp\u00f3\u0142ce to \u015bwietny pocz\u0105tek drogi zawodowej \u2013 okazja do zdobycia nowych umiej\u0119tno\u015bci, cennego do\u015bwiadczenia i poznania pracy od wewn\u0105trz w firmie o ugruntowanej pozycji na rynku.<\/p>\t\t\t\t\t\t\t\t<\/div>\n\t\t\t\t<\/div>\n\t\t<div class=\"elementor-element elementor-element-5b88ad6 e-con-full e-flex e-con e-child\" data-id=\"5b88ad6\" data-element_type=\"container\">\n\t\t\t\t<div class=\"elementor-element elementor-element-926f5e6 elementor-widget elementor-widget-heading\" data-id=\"926f5e6\" data-element_type=\"widget\" data-widget_type=\"heading.default\">\n\t\t\t\t<div class=\"elementor-widget-container\">\n\t\t\t\t\t<p class=\"elementor-heading-title elementor-size-default\">Co oferujemy?<\/p>\t\t\t\t<\/div>\n\t\t\t\t<\/div>\n\t\t\t\t<div class=\"elementor-element elementor-element-99b4b1a elementor-widget elementor-widget-text-editor\" data-id=\"99b4b1a\" data-element_type=\"widget\" data-widget_type=\"text-editor.default\">\n\t\t\t\t<div class=\"elementor-widget-container\">\n\t\t\t\t\t\t\t\t\t<ul><li>doskona\u0142y start w karierze zawodowej,<\/li><li>nauk\u0119 pod okiem do\u015bwiadczonych specjalist\u00f3w i praktyk\u00f3w,<\/li><li>mo\u017cliwo\u015b\u0107 rozwijania kompetencji technicznych i interpersonalnych,<\/li><li>realn\u0105 szans\u0119 na zatrudnienie po zako\u0144czeniu sta\u017cu.<\/li><\/ul>\t\t\t\t\t\t\t\t<\/div>\n\t\t\t\t<\/div>\n\t\t\t\t<\/div>\n\t\t<div class=\"elementor-element elementor-element-8764794 e-con-full e-flex e-con e-child\" data-id=\"8764794\" data-element_type=\"container\">\n\t\t\t\t<div class=\"elementor-element elementor-element-c2e117e elementor-widget elementor-widget-heading\" data-id=\"c2e117e\" data-element_type=\"widget\" data-widget_type=\"heading.default\">\n\t\t\t\t<div class=\"elementor-widget-container\">\n\t\t\t\t\t<p class=\"elementor-heading-title elementor-size-default\">Kogo szukamy?\n<\/p>\t\t\t\t<\/div>\n\t\t\t\t<\/div>\n\t\t\t\t<div class=\"elementor-element elementor-element-730d8d5 elementor-widget elementor-widget-text-editor\" data-id=\"730d8d5\" data-element_type=\"widget\" data-widget_type=\"text-editor.default\">\n\t\t\t\t<div class=\"elementor-widget-container\">\n\t\t\t\t\t\t\t\t\t<ul><li>student\u00f3w i uczni\u00f3w szk\u00f3\u0142 kierunkowych oraz pokrewnych do profilu dzia\u0142alno\u015bci Sp\u00f3\u0142ki,<\/li><li>osoby m\u0142ode, ambitne i kreatywne, kt\u00f3re chc\u0105 zdobywa\u0107 wiedz\u0119 i rozwija\u0107 swoje umiej\u0119tno\u015bci w naszej organizacji.<\/li><\/ul>\t\t\t\t\t\t\t\t<\/div>\n\t\t\t\t<\/div>\n\t\t\t\t<\/div>\n\t\t<div class=\"elementor-element elementor-element-891eea3 e-con-full e-flex e-con e-child\" data-id=\"891eea3\" data-element_type=\"container\">\n\t\t\t\t<div class=\"elementor-element elementor-element-430d886 elementor-widget elementor-widget-heading\" data-id=\"430d886\" data-element_type=\"widget\" data-widget_type=\"heading.default\">\n\t\t\t\t<div class=\"elementor-widget-container\">\n\t\t\t\t\t<p class=\"elementor-heading-title elementor-size-default\">Je\u017celi chcesz odby\u0107 sta\u017c lub praktyk\u0119 w <strong>PESA Mi\u0144sk Mazowiecki S.A.<\/strong>, prze\u015blij:\n<\/p>\t\t\t\t<\/div>\n\t\t\t\t<\/div>\n\t\t\t\t<div class=\"elementor-element elementor-element-e545245 elementor-widget elementor-widget-text-editor\" data-id=\"e545245\" data-element_type=\"widget\" data-widget_type=\"text-editor.default\">\n\t\t\t\t<div class=\"elementor-widget-container\">\n\t\t\t\t\t\t\t\t\t<ul><li>CV,<\/li><li>list motywacyjny.<\/li><\/ul><p>Dokumenty mo\u017cesz dostarczy\u0107:<\/p><ul><li>osobi\u015bcie,<\/li><li>mailowo na adres: <a href=\"mailto:kadry@mm.pesa.pl\">kadry@mm.pesa.pl<\/a>,<\/li><li>za po\u015brednictwem formularza aplikacyjnego.<\/li><\/ul>\t\t\t\t\t\t\t\t<\/div>\n\t\t\t\t<\/div>\n\t\t\t\t<\/div>\n\t\t\t\t<div class=\"elementor-element elementor-element-71b6bc8 elementor-widget__width-initial elementor-widget elementor-widget-text-editor\" data-id=\"71b6bc8\" data-element_type=\"widget\" data-widget_type=\"text-editor.default\">\n\t\t\t\t<div class=\"elementor-widget-container\">\n\t\t\t\t\t\t\t\t\t<p>Prosimy o umieszczenie w CV nast\u0119puj\u0105cej klauzuli:<br \/>\u201eWyra\u017cam zgod\u0119 na przetwarzanie moich danych osobowych, kt\u00f3re dobrowolnie przekazuj\u0119 aplikuj\u0105c na sta\u017c lub praktyki w PESA Mi\u0144sk Mazowiecki S.A., dla potrzeb niezb\u0119dnych do realizacji procesu rekrutacji.\u201d<\/p><p>W aplikacji prosimy poda\u0107 numer telefonu kontaktowego \u2013 u\u0142atwi nam to szybki kontakt z wybranymi kandydatami.<\/p><p>Po weryfikacji zg\u0142osze\u0144 odezwiemy si\u0119 do os\u00f3b, kt\u00f3re najlepiej wpisuj\u0105 si\u0119 w nasze oczekiwania.<\/p>\t\t\t\t\t\t\t\t<\/div>\n\t\t\t\t<\/div>\n\t\t\t\t\t<\/div>\n\t\t\t\t<\/div>\n\t\t\t\t<\/div>\n\t\t<div class=\"elementor-element elementor-element-f725685 e-con-full e-flex e-con e-parent\" data-id=\"f725685\" data-element_type=\"container\">\n\t\t<div class=\"elementor-element elementor-element-62d04e9 e-flex e-con-boxed e-con e-child\" data-id=\"62d04e9\" data-element_type=\"container\">\n\t\t\t\t\t<div class=\"e-con-inner\">\n\t\t\t\t<div class=\"elementor-element elementor-element-0eb1df3 elementor-widget elementor-widget-heading\" data-id=\"0eb1df3\" data-element_type=\"widget\" data-widget_type=\"heading.default\">\n\t\t\t\t<div class=\"elementor-widget-container\">\n\t\t\t\t\t<h2 class=\"elementor-heading-title elementor-size-default\">Aplikuj <\/h2>\t\t\t\t<\/div>\n\t\t\t\t<\/div>\n\t\t\t\t<div class=\"elementor-element elementor-element-46e9c45 form-application elementor-widget elementor-widget-shortcode\" data-id=\"46e9c45\" data-element_type=\"widget\" data-widget_type=\"shortcode.default\">\n\t\t\t\t<div class=\"elementor-widget-container\">\n\t\t\t\t\t\t\t<div class=\"elementor-shortcode\">\n<div class=\"wpcf7 no-js\" id=\"wpcf7-f3391-o1\" lang=\"en-US\" dir=\"ltr\" data-wpcf7-id=\"3391\">\n<div class=\"screen-reader-response\"><p role=\"status\" aria-live=\"polite\" aria-atomic=\"true\"><\/p> <ul><\/ul><\/div>\n<form action=\"\/en\/wp-json\/wp\/v2\/pages\/3368#wpcf7-f3391-o1\" method=\"post\" class=\"wpcf7-form init\" aria-label=\"Contact form\" novalidate=\"novalidate\" data-status=\"init\">\n<div style=\"display: none;\">\n<input type=\"hidden\" name=\"_wpcf7\" value=\"3391\" \/>\n<input type=\"hidden\" name=\"_wpcf7_version\" value=\"6.0.6\" \/>\n<input type=\"hidden\" name=\"_wpcf7_locale\" value=\"en_US\" \/>\n<input type=\"hidden\" name=\"_wpcf7_unit_tag\" value=\"wpcf7-f3391-o1\" \/>\n<input type=\"hidden\" name=\"_wpcf7_container_post\" value=\"0\" \/>\n<input type=\"hidden\" name=\"_wpcf7_posted_data_hash\" value=\"\" \/>\n<\/div>\n<div class=\"form-wrap\">\n\t<p><label for=\"applicant-name\">Name and surname: *<\/label><br \/>\n<span class=\"wpcf7-form-control-wrap\" data-name=\"applicant-name\"><input size=\"40\" maxlength=\"400\" class=\"wpcf7-form-control wpcf7-text wpcf7-validates-as-required\" aria-required=\"true\" aria-invalid=\"false\" placeholder=\"Name and surname: *\" value=\"\" type=\"text\" name=\"applicant-name\" \/><\/span>\n\t<\/p>\n<\/div>\n<div class=\"form-wrap\">\n\t<p><label for=\"residence\">Place of residence:<\/label><br \/>\n<span class=\"wpcf7-form-control-wrap\" data-name=\"residence\"><input size=\"40\" maxlength=\"400\" class=\"wpcf7-form-control wpcf7-text\" aria-invalid=\"false\" placeholder=\"Place of residence\" value=\"\" type=\"text\" name=\"residence\" \/><\/span>\n\t<\/p>\n<\/div>\n<div class=\"form-wrap\">\n\t<p><label for=\"phone\">Phone number: *<\/label><br \/>\n<span class=\"wpcf7-form-control-wrap\" data-name=\"phone\"><input size=\"40\" maxlength=\"400\" class=\"wpcf7-form-control wpcf7-tel wpcf7-validates-as-required wpcf7-text wpcf7-validates-as-tel\" aria-required=\"true\" aria-invalid=\"false\" placeholder=\"Phone number: *\" value=\"\" type=\"tel\" name=\"phone\" \/><\/span>\n\t<\/p>\n<\/div>\n<div class=\"form-wrap\">\n\t<p><label for=\"email\">Your email address: *<\/label><br \/>\n<span class=\"wpcf7-form-control-wrap\" data-name=\"email\"><input size=\"40\" maxlength=\"400\" class=\"wpcf7-form-control wpcf7-email wpcf7-validates-as-required wpcf7-text wpcf7-validates-as-email\" aria-required=\"true\" aria-invalid=\"false\" placeholder=\"Your email address: *\" value=\"\" type=\"email\" name=\"email\" \/><\/span>\n\t<\/p>\n<\/div>\n<div class=\"form-wrap form-upload--cv\">\n\t<p><label for=\"cv\">Add CV: *<\/label><br \/>\n<span class=\"wpcf7-form-control-wrap\" data-name=\"pdf-upload\"><input size=\"40\" class=\"wpcf7-form-control wpcf7-drag-n-drop-file d-none drag-drop-uploader\" aria-required=\"true\" aria-invalid=\"false\" type=\"file\" multiple=\"multiple\" data-name=\"pdf-upload\" data-type=\"PDF|DOC|DOCX|pdf|docx\" data-limit=\"10485760\" data-min=\"1\" data-max=\"1\" data-id=\"3391\" data-version=\"free version 1.3.9.0\" accept=\".PDF, .DOC, .DOCX, .pdf, .docx\" \/><\/span>\n\t<\/p>\n<\/div>\n<div class=\"form-wrap form-upload--letter\">\n\t<p><label for=\"cover-letter\">Add a cover letter *<\/label><br \/>\n<span class=\"wpcf7-form-control-wrap\" data-name=\"cover-letter\"><input size=\"40\" class=\"wpcf7-form-control wpcf7-drag-n-drop-file d-none drag-drop-uploader cover-letter\" id=\"cover-letter\" aria-required=\"true\" aria-invalid=\"false\" type=\"file\" multiple=\"multiple\" data-name=\"cover-letter\" data-type=\"PDF|DOC|DOCX|pdf|docx\" data-limit=\"10485760\" data-min=\"1\" data-max=\"1\" data-id=\"3391\" data-version=\"free version 1.3.9.0\" accept=\".PDF, .DOC, .DOCX, .pdf, .docx\" \/><\/span>\n\t<\/p>\n<\/div>\n<div class=\"form-wrap form-textarea\">\n\t<p><label for=\"expectations\">Your expectations: *<\/label><br \/>\n<span class=\"wpcf7-form-control-wrap\" data-name=\"expectations\"><textarea cols=\"40\" rows=\"10\" maxlength=\"2000\" class=\"wpcf7-form-control wpcf7-textarea wpcf7-validates-as-required\" aria-required=\"true\" aria-invalid=\"false\" placeholder=\"Your expectations: *\" name=\"expectations\"><\/textarea><\/span>\n\t<\/p>\n<\/div>\n<div class=\"form-checkbox\">\n\t<p><span class=\"wpcf7-form-control-wrap\" data-name=\"accept-privacy\"><span class=\"wpcf7-form-control wpcf7-acceptance\"><span class=\"wpcf7-list-item\"><label><input type=\"checkbox\" name=\"accept-privacy\" value=\"1\" aria-invalid=\"false\" \/><span class=\"wpcf7-list-item-label\">Submitting the form will be treated as consent to the processing of personal data in order to answer the specific question asked.\n<span class=\"breaking-text\">If you are interested in receiving information about the activities of PESA Mi\u0144sk Mazowiecki S.A. in the future \u2013 including marketing content \u2013 \u200b\u200bplease express your consent by checking the boxes below and selecting your preferred form of contact (you can check one, several or all forms of contact).<\/span>\n<span class=\"breaking-text\">Marketing objectives should be understood as activities supporting the recognition of the PESA Mi\u0144sk Mazowiecki S.A. brand, including information about the offer, implemented projects and events related to the Company's activities.<\/span> \n<span class=\"breaking-text\">Providing personal data and expressing consent is voluntary. Consent may be withdrawn at any time \u2013 in writing to the Administrator's registered office address or by e-mail to the following address: <a href=\"mailto:rodo@mm.pesa.pl\">rodo@mm.pesa.pl<\/a><\/span>\n<span class=\"breaking-text\">Information on the processing of personal data can be found in the <a href=\"\/privacy-policy\/\">Privacy Policy<\/a>.<\/span><\/span><\/label><\/span><\/span><\/span>\n\t<\/p>\n<\/div>\n<div class=\"form-checkbox\">\n\t<p><span class=\"wpcf7-form-control-wrap\" data-name=\"accept-marketing\"><span class=\"wpcf7-form-control wpcf7-acceptance optional\"><span class=\"wpcf7-list-item\"><label><input type=\"checkbox\" name=\"accept-marketing\" value=\"1\" aria-invalid=\"false\" \/><span class=\"wpcf7-list-item-label\">I consent to the processing of my personal data by the Administrator: PESA Mi\u0144sk Mazowiecki S.A. with its registered office at ul. Gen. K. Sosnkowskiego 34, 05-300 Mi\u0144sk Mazowiecki, for the purpose of sending marketing content to the telephone number provided by me.<\/span><\/label><\/span><\/span><\/span>\n\t<\/p>\n<\/div>\n<div class=\"form-action\">\n<input class=\"wpcf7-form-control wpcf7-hidden\" value=\"_post_title\" type=\"hidden\" name=\"post_title\" \/>\n\t<p><input class=\"wpcf7-form-control wpcf7-submit has-spinner\" type=\"submit\" value=\"Send a message\" \/>\n\t<\/p>\n<\/div><div class=\"wpcf7-response-output\" aria-hidden=\"true\"><\/div>\n<\/form>\n<\/div>\n<\/div>\n\t\t\t\t\t\t<\/div>\n\t\t\t\t<\/div>\n\t\t\t\t\t<\/div>\n\t\t\t\t<\/div>\n\t\t\t\t<\/div>\n\t\t\t\t<\/div>\n\t\t","protected":false},"excerpt":{"rendered":"<p>Internships and apprenticeships at PESA Mi\u0144sk Mazowiecki S.A. Jako dynamicznie rozwijaj\u0105ca si\u0119 Sp\u00f3\u0142ka, otwarta na nowe wyzwania, wierzymy w potencja\u0142 ludzi m\u0142odych, kreatywnych i ambitnych.Sta\u017c lub praktyka w naszej Sp\u00f3\u0142ce to \u015bwietny pocz\u0105tek drogi zawodowej \u2013 okazja do zdobycia nowych umiej\u0119tno\u015bci, cennego do\u015bwiadczenia i poznania pracy od wewn\u0105trz w firmie o ugruntowanej pozycji na rynku. [&hellip;]<\/p>\n","protected":false},"author":1,"featured_media":0,"parent":0,"menu_order":0,"comment_status":"closed","ping_status":"closed","template":"","meta":{"_acf_changed":false,"footnotes":""},"class_list":["post-3368","page","type-page","status-publish","hentry"],"acf":[],"yoast_head":"<!-- This site is optimized with the Yoast SEO plugin v25.3 - https:\/\/yoast.com\/wordpress\/plugins\/seo\/ -->\n<title>Internships and traineeships | pesaminsk.052b.work<\/title>\n<meta name=\"robots\" content=\"noindex, follow, max-snippet:-1, max-image-preview:large, max-video-preview:-1\" \/>\n<meta property=\"og:locale\" content=\"en_US\" \/>\n<meta property=\"og:type\" content=\"article\" \/>\n<meta property=\"og:title\" content=\"Internships and traineeships | pesaminsk.052b.work\" \/>\n<meta property=\"og:description\" content=\"Internships and apprenticeships at PESA Mi\u0144sk Mazowiecki S.A. Jako dynamicznie rozwijaj\u0105ca si\u0119 Sp\u00f3\u0142ka, otwarta na nowe wyzwania, wierzymy w potencja\u0142 ludzi m\u0142odych, kreatywnych i ambitnych.Sta\u017c lub praktyka w naszej Sp\u00f3\u0142ce to \u015bwietny pocz\u0105tek drogi zawodowej \u2013 okazja do zdobycia nowych umiej\u0119tno\u015bci, cennego do\u015bwiadczenia i poznania pracy od wewn\u0105trz w firmie o ugruntowanej pozycji na rynku. [&hellip;]\" \/>\n<meta property=\"og:url\" content=\"https:\/\/pesaminsk.052b.work\/en\/internships-and-traineeships\/\" \/>\n<meta property=\"og:site_name\" content=\"pesaminsk.052b.work\" \/>\n<meta property=\"article:modified_time\" content=\"2025-09-05T09:40:32+00:00\" \/>\n<meta property=\"og:image\" content=\"https:\/\/pesaminsk.052b.work\/wp-content\/uploads\/2025\/06\/logo-PESA_Minsk-Mazowiecki.png\" \/>\n\t<meta property=\"og:image:width\" content=\"387\" \/>\n\t<meta property=\"og:image:height\" content=\"218\" \/>\n\t<meta property=\"og:image:type\" content=\"image\/png\" \/>\n<meta name=\"twitter:card\" content=\"summary_large_image\" \/>\n<meta name=\"twitter:label1\" content=\"Est. reading time\" \/>\n\t<meta name=\"twitter:data1\" content=\"1 minute\" \/>\n<script type=\"application\/ld+json\" class=\"yoast-schema-graph\">{\"@context\":\"https:\/\/schema.org\",\"@graph\":[{\"@type\":\"WebPage\",\"@id\":\"https:\/\/pesaminsk.052b.work\/en\/internships-and-traineeships\/\",\"url\":\"https:\/\/pesaminsk.052b.work\/en\/internships-and-traineeships\/\",\"name\":\"Internships and traineeships | pesaminsk.052b.work\",\"isPartOf\":{\"@id\":\"https:\/\/pesaminsk.052b.work\/en\/#website\"},\"datePublished\":\"2025-09-05T06:30:03+00:00\",\"dateModified\":\"2025-09-05T09:40:32+00:00\",\"breadcrumb\":{\"@id\":\"https:\/\/pesaminsk.052b.work\/en\/internships-and-traineeships\/#breadcrumb\"},\"inLanguage\":\"en-US\",\"potentialAction\":[{\"@type\":\"ReadAction\",\"target\":[\"https:\/\/pesaminsk.052b.work\/en\/internships-and-traineeships\/\"]}]},{\"@type\":\"BreadcrumbList\",\"@id\":\"https:\/\/pesaminsk.052b.work\/en\/internships-and-traineeships\/#breadcrumb\",\"itemListElement\":[{\"@type\":\"ListItem\",\"position\":1,\"name\":\"Strona g\u0142\u00f3wna\",\"item\":\"https:\/\/pesaminsk.052b.work\/en\/\"},{\"@type\":\"ListItem\",\"position\":2,\"name\":\"Internships and traineeships\"}]},{\"@type\":\"WebSite\",\"@id\":\"https:\/\/pesaminsk.052b.work\/en\/#website\",\"url\":\"https:\/\/pesaminsk.052b.work\/en\/\",\"name\":\"pesaminsk.052b.work\",\"description\":\"\",\"publisher\":{\"@id\":\"https:\/\/pesaminsk.052b.work\/en\/#organization\"},\"potentialAction\":[{\"@type\":\"SearchAction\",\"target\":{\"@type\":\"EntryPoint\",\"urlTemplate\":\"https:\/\/pesaminsk.052b.work\/en\/?s={search_term_string}\"},\"query-input\":{\"@type\":\"PropertyValueSpecification\",\"valueRequired\":true,\"valueName\":\"search_term_string\"}}],\"inLanguage\":\"en-US\"},{\"@type\":\"Organization\",\"@id\":\"https:\/\/pesaminsk.052b.work\/en\/#organization\",\"name\":\"pesaminsk.052b.work\",\"url\":\"https:\/\/pesaminsk.052b.work\/en\/\",\"logo\":{\"@type\":\"ImageObject\",\"inLanguage\":\"en-US\",\"@id\":\"https:\/\/pesaminsk.052b.work\/en\/#\/schema\/logo\/image\/\",\"url\":\"https:\/\/pesaminsk.052b.work\/wp-content\/uploads\/2025\/06\/PESA_Minsk-Mazowiecki_logo.png\",\"contentUrl\":\"https:\/\/pesaminsk.052b.work\/wp-content\/uploads\/2025\/06\/PESA_Minsk-Mazowiecki_logo.png\",\"width\":348,\"height\":144,\"caption\":\"pesaminsk.052b.work\"},\"image\":{\"@id\":\"https:\/\/pesaminsk.052b.work\/en\/#\/schema\/logo\/image\/\"}}]}<\/script>\n<!-- \/ Yoast SEO plugin. -->","yoast_head_json":{"title":"Internships and traineeships | pesaminsk.052b.work","robots":{"index":"noindex","follow":"follow","max-snippet":"max-snippet:-1","max-image-preview":"max-image-preview:large","max-video-preview":"max-video-preview:-1"},"og_locale":"en_US","og_type":"article","og_title":"Internships and traineeships | pesaminsk.052b.work","og_description":"Internships and apprenticeships at PESA Mi\u0144sk Mazowiecki S.A. Jako dynamicznie rozwijaj\u0105ca si\u0119 Sp\u00f3\u0142ka, otwarta na nowe wyzwania, wierzymy w potencja\u0142 ludzi m\u0142odych, kreatywnych i ambitnych.Sta\u017c lub praktyka w naszej Sp\u00f3\u0142ce to \u015bwietny pocz\u0105tek drogi zawodowej \u2013 okazja do zdobycia nowych umiej\u0119tno\u015bci, cennego do\u015bwiadczenia i poznania pracy od wewn\u0105trz w firmie o ugruntowanej pozycji na rynku. [&hellip;]","og_url":"https:\/\/pesaminsk.052b.work\/en\/internships-and-traineeships\/","og_site_name":"pesaminsk.052b.work","article_modified_time":"2025-09-05T09:40:32+00:00","og_image":[{"width":387,"height":218,"url":"https:\/\/pesaminsk.052b.work\/wp-content\/uploads\/2025\/06\/logo-PESA_Minsk-Mazowiecki.png","type":"image\/png"}],"twitter_card":"summary_large_image","twitter_misc":{"Est. reading time":"1 minute"},"schema":{"@context":"https:\/\/schema.org","@graph":[{"@type":"WebPage","@id":"https:\/\/pesaminsk.052b.work\/en\/internships-and-traineeships\/","url":"https:\/\/pesaminsk.052b.work\/en\/internships-and-traineeships\/","name":"Internships and traineeships | pesaminsk.052b.work","isPartOf":{"@id":"https:\/\/pesaminsk.052b.work\/en\/#website"},"datePublished":"2025-09-05T06:30:03+00:00","dateModified":"2025-09-05T09:40:32+00:00","breadcrumb":{"@id":"https:\/\/pesaminsk.052b.work\/en\/internships-and-traineeships\/#breadcrumb"},"inLanguage":"en-US","potentialAction":[{"@type":"ReadAction","target":["https:\/\/pesaminsk.052b.work\/en\/internships-and-traineeships\/"]}]},{"@type":"BreadcrumbList","@id":"https:\/\/pesaminsk.052b.work\/en\/internships-and-traineeships\/#breadcrumb","itemListElement":[{"@type":"ListItem","position":1,"name":"Strona g\u0142\u00f3wna","item":"https:\/\/pesaminsk.052b.work\/en\/"},{"@type":"ListItem","position":2,"name":"Internships and traineeships"}]},{"@type":"WebSite","@id":"https:\/\/pesaminsk.052b.work\/en\/#website","url":"https:\/\/pesaminsk.052b.work\/en\/","name":"pesaminsk.052b.work","description":"","publisher":{"@id":"https:\/\/pesaminsk.052b.work\/en\/#organization"},"potentialAction":[{"@type":"SearchAction","target":{"@type":"EntryPoint","urlTemplate":"https:\/\/pesaminsk.052b.work\/en\/?s={search_term_string}"},"query-input":{"@type":"PropertyValueSpecification","valueRequired":true,"valueName":"search_term_string"}}],"inLanguage":"en-US"},{"@type":"Organization","@id":"https:\/\/pesaminsk.052b.work\/en\/#organization","name":"pesaminsk.052b.work","url":"https:\/\/pesaminsk.052b.work\/en\/","logo":{"@type":"ImageObject","inLanguage":"en-US","@id":"https:\/\/pesaminsk.052b.work\/en\/#\/schema\/logo\/image\/","url":"https:\/\/pesaminsk.052b.work\/wp-content\/uploads\/2025\/06\/PESA_Minsk-Mazowiecki_logo.png","contentUrl":"https:\/\/pesaminsk.052b.work\/wp-content\/uploads\/2025\/06\/PESA_Minsk-Mazowiecki_logo.png","width":348,"height":144,"caption":"pesaminsk.052b.work"},"image":{"@id":"https:\/\/pesaminsk.052b.work\/en\/#\/schema\/logo\/image\/"}}]}},"_links":{"self":[{"href":"https:\/\/pesaminsk.052b.work\/en\/wp-json\/wp\/v2\/pages\/3368","targetHints":{"allow":["GET"]}}],"collection":[{"href":"https:\/\/pesaminsk.052b.work\/en\/wp-json\/wp\/v2\/pages"}],"about":[{"href":"https:\/\/pesaminsk.052b.work\/en\/wp-json\/wp\/v2\/types\/page"}],"author":[{"embeddable":true,"href":"https:\/\/pesaminsk.052b.work\/en\/wp-json\/wp\/v2\/users\/1"}],"replies":[{"embeddable":true,"href":"https:\/\/pesaminsk.052b.work\/en\/wp-json\/wp\/v2\/comments?post=3368"}],"version-history":[{"count":13,"href":"https:\/\/pesaminsk.052b.work\/en\/wp-json\/wp\/v2\/pages\/3368\/revisions"}],"predecessor-version":[{"id":3403,"href":"https:\/\/pesaminsk.052b.work\/en\/wp-json\/wp\/v2\/pages\/3368\/revisions\/3403"}],"wp:attachment":[{"href":"https:\/\/pesaminsk.052b.work\/en\/wp-json\/wp\/v2\/media?parent=3368"}],"curies":[{"name":"wp","href":"https:\/\/api.w.org\/{rel}","templated":true}]}}