{"id":2522,"date":"2025-06-13T15:37:39","date_gmt":"2025-06-13T13:37:39","guid":{"rendered":"https:\/\/pesaminsk.052b.work\/?page_id=2522"},"modified":"2025-07-04T14:24:37","modified_gmt":"2025-07-04T12:24:37","slug":"privacy-policy","status":"publish","type":"page","link":"https:\/\/pesaminsk.052b.work\/en\/privacy-policy\/","title":{"rendered":"Privacy policy"},"content":{"rendered":"\t\t<div data-elementor-type=\"wp-page\" data-elementor-id=\"2522\" class=\"elementor elementor-2522 elementor-3\" data-elementor-post-type=\"page\">\n\t\t\t\t<div class=\"elementor-element elementor-element-3d18cea8 e-con-full e-flex e-con e-parent\" data-id=\"3d18cea8\" data-element_type=\"container\">\n\t\t<div class=\"elementor-element elementor-element-b6a16b7 e-flex e-con-boxed e-con e-child\" data-id=\"b6a16b7\" data-element_type=\"container\">\n\t\t\t\t\t<div class=\"e-con-inner\">\n\t\t\t\t<div class=\"elementor-element elementor-element-238c056 elementor-widget elementor-widget-heading\" data-id=\"238c056\" data-element_type=\"widget\" data-widget_type=\"heading.default\">\n\t\t\t\t<div class=\"elementor-widget-container\">\n\t\t\t\t\t<h2 class=\"elementor-heading-title elementor-size-default\">Privacy policy<\/h2>\t\t\t\t<\/div>\n\t\t\t\t<\/div>\n\t\t\t\t<div class=\"elementor-element elementor-element-9ae3727 elementor-widget elementor-widget-heading\" data-id=\"9ae3727\" data-element_type=\"widget\" data-widget_type=\"heading.default\">\n\t\t\t\t<div class=\"elementor-widget-container\">\n\t\t\t\t\t<h3 class=\"elementor-heading-title elementor-size-default\">Zak\u0142ad\u00f3w naprawczych <br \/>\nTaboru kolejowego <br \/>\n,,Mi\u0144sk mazowiecki\u201d sp\u00f3\u0142ka akcyjna<\/h3>\t\t\t\t<\/div>\n\t\t\t\t<\/div>\n\t\t\t\t<div class=\"elementor-element elementor-element-14ea63a elementor-widget elementor-widget-heading\" data-id=\"14ea63a\" data-element_type=\"widget\" data-widget_type=\"heading.default\">\n\t\t\t\t<div class=\"elementor-widget-container\">\n\t\t\t\t\t<p class=\"elementor-heading-title elementor-size-default\">z siedzib\u0105 w Mi\u0144sku Mazowieckim, ul. Gen. K. Sosnkowskiego 34<\/p>\t\t\t\t<\/div>\n\t\t\t\t<\/div>\n\t\t\t\t\t<\/div>\n\t\t\t\t<\/div>\n\t\t<div class=\"elementor-element elementor-element-872a9c4 e-flex e-con-boxed e-con e-child\" data-id=\"872a9c4\" data-element_type=\"container\">\n\t\t\t\t\t<div class=\"e-con-inner\">\n\t\t\t\t<div class=\"elementor-element elementor-element-3485164 elementor-widget elementor-widget-heading\" data-id=\"3485164\" data-element_type=\"widget\" data-widget_type=\"heading.default\">\n\t\t\t\t<div class=\"elementor-widget-container\">\n\t\t\t\t\t<p class=\"elementor-heading-title elementor-size-default\">wprowadzony Zarz\u0105dzeniem Dyrektora Generalnego\nNr 01-44\/NOR\/2020 z dnia 29.07.2020 roku<\/p>\t\t\t\t<\/div>\n\t\t\t\t<\/div>\n\t\t\t\t<div class=\"elementor-element elementor-element-e2d63e4 elementor-widget elementor-widget-heading\" data-id=\"e2d63e4\" data-element_type=\"widget\" data-widget_type=\"heading.default\">\n\t\t\t\t<div class=\"elementor-widget-container\">\n\t\t\t\t\t<p class=\"elementor-heading-title elementor-size-default\">Nr KRS 0000067499<\/p>\t\t\t\t<\/div>\n\t\t\t\t<\/div>\n\t\t\t\t\t<\/div>\n\t\t\t\t<\/div>\n\t\t<div class=\"elementor-element elementor-element-d16a2ea e-flex e-con-boxed e-con e-child\" data-id=\"d16a2ea\" data-element_type=\"container\">\n\t\t\t\t\t<div class=\"e-con-inner\">\n\t\t<div class=\"elementor-element elementor-element-051a7ee e-con-full e-flex e-con e-child\" data-id=\"051a7ee\" data-element_type=\"container\">\n\t\t\t\t<div class=\"elementor-element elementor-element-06596da elementor-widget elementor-widget-text-editor\" data-id=\"06596da\" data-element_type=\"widget\" data-widget_type=\"text-editor.default\">\n\t\t\t\t<div class=\"elementor-widget-container\">\n\t\t\t\t\t\t\t\t\t<p>Sp\u00f3\u0142ka pod firm\u0105 Zak\u0142ady Naprawcze Taboru Kolejowego \u201eMi\u0144sk Mazowiecki\u201d S.A. z siedzib\u0105 w Mi\u0144sku Mazowieckim przy ul. Gen. K. Sosnkowskiego 34, wpisana do rejestru przedsi\u0119biorc\u00f3w przez S\u0105d Rejonowy dla m. st. Warszawy w Warszawie, XIV Wydzia\u0142 Gospodarczy KRS, pod numerem KRS 0000067499 (dalej jako \u201eSp\u00f3\u0142ka\u201d) przywi\u0105zuje szczeg\u00f3ln\u0105 wag\u0119 do poszanowania prywatno\u015bci os\u00f3b odwiedzaj\u0105cych (dalej jako \u201eU\u017cytkownik\u00f3w\u201d) serwis internetowy <a href=\"https:\/\/pesaminsk.052b.work\/\">www.zntkmm.pl<\/a> (dalej jako \u201eSerwis\u201d). Domy\u015blne ustawienia wykorzystywane w Serwisie nie pozwalaj\u0105 na zbieranie danych innych ni\u017c niezb\u0119dne do funkcjonowania tej strony internetowej i s\u0142u\u017c\u0105 wy\u0142\u0105cznie do administrowania i zapewnienia prawid\u0142owego jej dzia\u0142ania. Nie identyfikuj\u0105 U\u017cytkownik\u00f3w ani te\u017c nie przekazuj\u0105 informacji o U\u017cytkownikach stronom trzecim.<\/p>\t\t\t\t\t\t\t\t<\/div>\n\t\t\t\t<\/div>\n\t\t\t\t<div class=\"elementor-element elementor-element-8428e5d elementor-widget elementor-widget-heading\" data-id=\"8428e5d\" data-element_type=\"widget\" data-widget_type=\"heading.default\">\n\t\t\t\t<div class=\"elementor-widget-container\">\n\t\t\t\t\t<h3 class=\"elementor-heading-title elementor-size-default\">Administrator Serwisu<\/h3>\t\t\t\t<\/div>\n\t\t\t\t<\/div>\n\t\t\t\t<div class=\"elementor-element elementor-element-7240f03 elementor-widget elementor-widget-text-editor\" data-id=\"7240f03\" data-element_type=\"widget\" data-widget_type=\"text-editor.default\">\n\t\t\t\t<div class=\"elementor-widget-container\">\n\t\t\t\t\t\t\t\t\t<p>Operatorem Serwisu jest sp\u00f3\u0142ka pod firm\u0105 Zak\u0142ady Naprawcze Taboru Kolejowego \u201eMi\u0144sk Mazowiecki\u201d S.A. z siedzib\u0105 w Mi\u0144sku Mazowieckim przy ul. Gen. K. Sosnkowskiego 34, wpisana do rejestru przedsi\u0119biorc\u00f3w przez S\u0105d Rejonowy dla m. st. Warszawy w Warszawie, XIV Wydzia\u0142 Gospodarczy KRS, pod numerem KRS 0000067499.<\/p>\t\t\t\t\t\t\t\t<\/div>\n\t\t\t\t<\/div>\n\t\t\t\t<div class=\"elementor-element elementor-element-ef7a4c5 elementor-widget elementor-widget-heading\" data-id=\"ef7a4c5\" data-element_type=\"widget\" data-widget_type=\"heading.default\">\n\t\t\t\t<div class=\"elementor-widget-container\">\n\t\t\t\t\t<h3 class=\"elementor-heading-title elementor-size-default\">Gromadzenie danych<\/h3>\t\t\t\t<\/div>\n\t\t\t\t<\/div>\n\t\t\t\t<div class=\"elementor-element elementor-element-d947978 elementor-widget elementor-widget-text-editor\" data-id=\"d947978\" data-element_type=\"widget\" data-widget_type=\"text-editor.default\">\n\t\t\t\t<div class=\"elementor-widget-container\">\n\t\t\t\t\t\t\t\t\t<p>Serwis przechowuje wy\u0142\u0105cznie zapytania (HTTP) kierowane do serwera Sp\u00f3\u0142ki, a przegl\u0105dane tre\u015bci s\u0105 identyfikowane przez adresy (URL). Tak zgromadzone dane przechowywane s\u0105 dziennikach log\u00f3w i mog\u0105 dotyczy\u0107 nast\u0119puj\u0105cych informacji:<\/p>\n<ul>\n<li>publiczny adres IP komputera, z kt\u00f3rego nadesz\u0142o zapytanie (mo\u017ce to by\u0107 bezpo\u015brednio komputer U\u017cytkownika),<\/li>\n<li>czas nadej\u015bcia zapytania,<\/li>\n<li>pierwszy wiersz \u017c\u0105dania HTTP,<\/li>\n<li>kod odpowiedzi HTTP,<\/li>\n<li>liczb\u0119 wys\u0142anych przez serwer bajt\u00f3w,<\/li>\n<li>adres URL strony poprzednio odwiedzanej przez U\u017cytkownika (referer link)<\/li>\n<li>w przypadku, gdy przej\u015bcie do strony Serwisu nast\u0105pi\u0142o przez odno\u015bnik,<\/li>\n<li>informacje o przegl\u0105darce U\u017cytkownika,<\/li>\n<li>informacje o b\u0142\u0119dach, jakie nast\u0105pi\u0142y przy realizacji transakcji HTTP.<\/li>\n<\/ul>\t\t\t\t\t\t\t\t<\/div>\n\t\t\t\t<\/div>\n\t\t\t\t<div class=\"elementor-element elementor-element-17704df elementor-widget elementor-widget-heading\" data-id=\"17704df\" data-element_type=\"widget\" data-widget_type=\"heading.default\">\n\t\t\t\t<div class=\"elementor-widget-container\">\n\t\t\t\t\t<h3 class=\"elementor-heading-title elementor-size-default\">Mechanizm Cookies<\/h3>\t\t\t\t<\/div>\n\t\t\t\t<\/div>\n\t\t\t\t<div class=\"elementor-element elementor-element-f580f2c elementor-widget elementor-widget-text-editor\" data-id=\"f580f2c\" data-element_type=\"widget\" data-widget_type=\"text-editor.default\">\n\t\t\t\t<div class=\"elementor-widget-container\">\n\t\t\t\t\t\t\t\t\t<p>Pliki cookies (tzw. \u201eciasteczka\u201d) to rodzaj niewielkich informacji, danych teleinformatycznych, kt\u00f3re wysy\u0142ane s\u0105 ka\u017cdorazowo przez serwis internetowy odwiedzany przez U\u017cytkownika i zapisywane s\u0105 na jego urz\u0105dzeniu ko\u0144cowym, np. na komputerze lub smartfonie, z kt\u00f3rego korzysta podczas przegl\u0105dania stron internetowych.<\/p>\n<p>W Serwisie informacje te wykorzystywane s\u0105 wy\u0142\u0105cznie w celu dostosowania zawarto\u015bci strony internetowej do preferencji U\u017cytkownika, w szczeg\u00f3lno\u015bci pozwalaj\u0105 rozpozna\u0107 urz\u0105dzenie U\u017cytkownika i odpowiednio wy\u015bwietli\u0107 stron\u0119 internetow\u0105, dostosowan\u0105 do Jego indywidualnych potrzeb. S\u0105 nimi:<\/p>\n<ul>\n<li><strong>has_js (typ niezb\u0119dny)<\/strong> \u2013 przechowuje informacje o obs\u0142udze JavaScript, przechowywany jest w urz\u0105dzeniu ko\u0144cowym U\u017cytkownika do czasu wylogowania, opuszczenia strony www lub wy\u0142\u0105czenia oprogramowania (przegl\u0105darki internetowej). Dostawc\u0105 pliku jest Sp\u00f3\u0142ka.<\/li>\n<li><strong>SESSxxx (typ niezb\u0119dny)<\/strong> \u2013 przechowuje identyfikator sesji (wy\u0142\u0105cznie dla redaktor\u00f3w i administrator\u00f3w Serwisu), przechowywany jest w urz\u0105dzeniu ko\u0144cowym przez 23 dni lub do czasu samodzielnego jego usuni\u0119cia. Dostawc\u0105 pliku jest Sp\u00f3\u0142ka<\/li>\n<li><strong>pagestyle (typ funkcjonalny)<\/strong> \u2013 przechowuje informacje o stylu CSS, w kt\u00f3rym wy\u015bwietlany jest Serwis, przechowywany jest w urz\u0105dzeniu ko\u0144cowym U\u017cytkownika przez 23 dni lub do czasu cofni\u0119cia zgody na jego wykorzystywanie, co mo\u017cna zrobi\u0107 w ka\u017cdym momencie <strong>poprzez klikni\u0119cie w pasek Ustawienia prywatno\u015bci &#8211; &#8220;wycofaj zgod\u0119&#8221;<\/strong>. Dostawc\u0105 pliku jest Sp\u00f3\u0142ka.<\/li>\n<\/ul>\t\t\t\t\t\t\t\t<\/div>\n\t\t\t\t<\/div>\n\t\t\t\t<div class=\"elementor-element elementor-element-8eabddd elementor-widget elementor-widget-heading\" data-id=\"8eabddd\" data-element_type=\"widget\" data-widget_type=\"heading.default\">\n\t\t\t\t<div class=\"elementor-widget-container\">\n\t\t\t\t\t<h3 class=\"elementor-heading-title elementor-size-default\">Wykorzystywanie danych<\/h3>\t\t\t\t<\/div>\n\t\t\t\t<\/div>\n\t\t\t\t<div class=\"elementor-element elementor-element-50b731a elementor-widget elementor-widget-text-editor\" data-id=\"50b731a\" data-element_type=\"widget\" data-widget_type=\"text-editor.default\">\n\t\t\t\t<div class=\"elementor-widget-container\">\n\t\t\t\t\t\t\t\t\tZbierane informacje (pliki z logami) pomagaj\u0105 nam okre\u015bli\u0107: kt\u00f3re podstrony odwiedzane s\u0105\nnajcz\u0119\u015bciej, czy struktura strony nie zawiera b\u0142\u0119d\u00f3w, jakie przegl\u0105darki stron www s\u0105 stosowane,\nitp. Na podstawie tych informacji mog\u0105 by\u0107 generowane statystyki pomocnicze, kt\u00f3re nie\nzawieraj\u0105 \u017cadnych cech identyfikuj\u0105cych osoby odwiedzaj\u0105ce Serwis. Analizujemy pliki z logami,\naby zapewni\u0107 jak najwy\u017csz\u0105 jako\u015b\u0107 Serwisu. Informacje te nie s\u0105 ujawniane nikomu, poza osobami\nupowa\u017cnionymi do administrowania serwerem oraz sieci\u0105 Sp\u00f3\u0142ki, a dopiero kiedy zachodzi taka\nkonieczno\u015b\u0107, r\u00f3wnie\u017c podmiotom do tego uprawnionym, wy\u0142\u0105cznie na podstawie przepis\u00f3w\nprawa.\t\t\t\t\t\t\t\t<\/div>\n\t\t\t\t<\/div>\n\t\t\t\t<div class=\"elementor-element elementor-element-bdb40ef elementor-widget elementor-widget-heading\" data-id=\"bdb40ef\" data-element_type=\"widget\" data-widget_type=\"heading.default\">\n\t\t\t\t<div class=\"elementor-widget-container\">\n\t\t\t\t\t<h3 class=\"elementor-heading-title elementor-size-default\">Ograniczenie stosowania plik\u00f3w cookies<\/h3>\t\t\t\t<\/div>\n\t\t\t\t<\/div>\n\t\t\t\t<div class=\"elementor-element elementor-element-de304c3 elementor-widget elementor-widget-text-editor\" data-id=\"de304c3\" data-element_type=\"widget\" data-widget_type=\"text-editor.default\">\n\t\t\t\t<div class=\"elementor-widget-container\">\n\t\t\t\t\t\t\t\t\t<p>W Serwisie wykorzystywany jest plik cookies, kt\u00f3ry cho\u0107 nie jest niezb\u0119dny do funkcjonowania strony internetowej Sp\u00f3\u0142ki, to umo\u017cliwia U\u017cytkownikowi dostawanie stylu wy\u015bwietlania strony do indywidualnych potrzeb. Stosowanie zatem do obowi\u0105zuj\u0105cych przepis\u00f3w prawa, mo\u017cliwo\u015b\u0107 zbierania informacji zawartych w tym pliku i dost\u0119pu do nich uzale\u017cniono od uprzedniego wyra\u017cenia zgody przez U\u017cytkownika. Wycofanie zgody mo\u017cliwe jest w ka\u017cdym momencie, poprzez klikni\u0119cie w pasek Ustawienia prywatno\u015bci \u2013 &#8220;wycofaj zgod\u0119&#8221;.<\/p>\t\t\t\t\t\t\t\t<\/div>\n\t\t\t\t<\/div>\n\t\t\t\t<div class=\"elementor-element elementor-element-f51908a elementor-widget elementor-widget-heading\" data-id=\"f51908a\" data-element_type=\"widget\" data-widget_type=\"heading.default\">\n\t\t\t\t<div class=\"elementor-widget-container\">\n\t\t\t\t\t<h3 class=\"elementor-heading-title elementor-size-default\">Odno\u015bniki do innych stron<\/h3>\t\t\t\t<\/div>\n\t\t\t\t<\/div>\n\t\t\t\t<div class=\"elementor-element elementor-element-4b8e7fb elementor-widget elementor-widget-text-editor\" data-id=\"4b8e7fb\" data-element_type=\"widget\" data-widget_type=\"text-editor.default\">\n\t\t\t\t<div class=\"elementor-widget-container\">\n\t\t\t\t\t\t\t\t\t<p>W Serwisie znajduj\u0105 si\u0119 odno\u015bniki do innych stron www. Sp\u00f3\u0142ka nie ponosi odpowiedzialno\u015bci za zasady zachowania prywatno\u015bci na tych stronach. Warto wi\u0119c po przej\u015bciu na inne strony, zapozna\u0107 si\u0119 z polityk\u0105 prywatno\u015bci tam ustalon\u0105. Niniejsza Polityka Prywatno\u015bci dotyczy wy\u0142\u0105cznie Serwisu.<\/p>\t\t\t\t\t\t\t\t<\/div>\n\t\t\t\t<\/div>\n\t\t\t\t<div class=\"elementor-element elementor-element-6f4080e elementor-widget elementor-widget-heading\" data-id=\"6f4080e\" data-element_type=\"widget\" data-widget_type=\"heading.default\">\n\t\t\t\t<div class=\"elementor-widget-container\">\n\t\t\t\t\t<h3 class=\"elementor-heading-title elementor-size-default\">Zmiany<\/h3>\t\t\t\t<\/div>\n\t\t\t\t<\/div>\n\t\t\t\t<div class=\"elementor-element elementor-element-ebb5e55 elementor-widget elementor-widget-text-editor\" data-id=\"ebb5e55\" data-element_type=\"widget\" data-widget_type=\"text-editor.default\">\n\t\t\t\t<div class=\"elementor-widget-container\">\n\t\t\t\t\t\t\t\t\tW przypadku zmiany obowi\u0105zuj\u0105cej Polityki Prywatno\u015bci, wprowadzone zostan\u0105 odpowiednie\nmodyfikacje do powy\u017cszego zapisu.\t\t\t\t\t\t\t\t<\/div>\n\t\t\t\t<\/div>\n\t\t\t\t<\/div>\n\t\t\t\t\t<\/div>\n\t\t\t\t<\/div>\n\t\t\t\t<\/div>\n\t\t\t\t<\/div>\n\t\t","protected":false},"excerpt":{"rendered":"<p>Privacy policy Zak\u0142ad\u00f3w naprawczych Taboru kolejowego ,,Mi\u0144sk mazowiecki\u201d sp\u00f3\u0142ka akcyjna z siedzib\u0105 w Mi\u0144sku Mazowieckim, ul. Gen. K. Sosnkowskiego 34 wprowadzony Zarz\u0105dzeniem Dyrektora Generalnego Nr 01-44\/NOR\/2020 z dnia 29.07.2020 roku Nr KRS 0000067499 Sp\u00f3\u0142ka pod firm\u0105 Zak\u0142ady Naprawcze Taboru Kolejowego \u201eMi\u0144sk Mazowiecki\u201d S.A. z siedzib\u0105 w Mi\u0144sku Mazowieckim przy ul. Gen. K. Sosnkowskiego 34, wpisana [&hellip;]<\/p>\n","protected":false},"author":1,"featured_media":0,"parent":0,"menu_order":0,"comment_status":"closed","ping_status":"closed","template":"","meta":{"_acf_changed":false,"footnotes":""},"class_list":["post-2522","page","type-page","status-publish","hentry"],"acf":[],"yoast_head":"<!-- This site is optimized with the Yoast SEO plugin v25.3 - https:\/\/yoast.com\/wordpress\/plugins\/seo\/ -->\n<title>Privacy policy | pesaminsk.052b.work<\/title>\n<meta name=\"robots\" content=\"noindex, follow, max-snippet:-1, max-image-preview:large, max-video-preview:-1\" \/>\n<meta property=\"og:locale\" content=\"en_US\" \/>\n<meta property=\"og:type\" content=\"article\" \/>\n<meta property=\"og:title\" content=\"Privacy policy | pesaminsk.052b.work\" \/>\n<meta property=\"og:description\" content=\"Privacy policy Zak\u0142ad\u00f3w naprawczych Taboru kolejowego ,,Mi\u0144sk mazowiecki\u201d sp\u00f3\u0142ka akcyjna z siedzib\u0105 w Mi\u0144sku Mazowieckim, ul. Gen. K. Sosnkowskiego 34 wprowadzony Zarz\u0105dzeniem Dyrektora Generalnego Nr 01-44\/NOR\/2020 z dnia 29.07.2020 roku Nr KRS 0000067499 Sp\u00f3\u0142ka pod firm\u0105 Zak\u0142ady Naprawcze Taboru Kolejowego \u201eMi\u0144sk Mazowiecki\u201d S.A. z siedzib\u0105 w Mi\u0144sku Mazowieckim przy ul. Gen. K. Sosnkowskiego 34, wpisana [&hellip;]\" \/>\n<meta property=\"og:url\" content=\"https:\/\/pesaminsk.052b.work\/en\/privacy-policy\/\" \/>\n<meta property=\"og:site_name\" content=\"pesaminsk.052b.work\" \/>\n<meta property=\"article:modified_time\" content=\"2025-07-04T12:24:37+00:00\" \/>\n<meta property=\"og:image\" content=\"https:\/\/pesaminsk.052b.work\/wp-content\/uploads\/2025\/06\/logo-PESA_Minsk-Mazowiecki.png\" \/>\n\t<meta property=\"og:image:width\" content=\"387\" \/>\n\t<meta property=\"og:image:height\" content=\"218\" \/>\n\t<meta property=\"og:image:type\" content=\"image\/png\" \/>\n<meta name=\"twitter:card\" content=\"summary_large_image\" \/>\n<meta name=\"twitter:label1\" content=\"Est. reading time\" \/>\n\t<meta name=\"twitter:data1\" content=\"3 minutes\" \/>\n<script type=\"application\/ld+json\" class=\"yoast-schema-graph\">{\"@context\":\"https:\/\/schema.org\",\"@graph\":[{\"@type\":\"WebPage\",\"@id\":\"https:\/\/pesaminsk.052b.work\/en\/privacy-policy\/\",\"url\":\"https:\/\/pesaminsk.052b.work\/en\/privacy-policy\/\",\"name\":\"Privacy policy | pesaminsk.052b.work\",\"isPartOf\":{\"@id\":\"https:\/\/pesaminsk.052b.work\/en\/#website\"},\"datePublished\":\"2025-06-13T13:37:39+00:00\",\"dateModified\":\"2025-07-04T12:24:37+00:00\",\"breadcrumb\":{\"@id\":\"https:\/\/pesaminsk.052b.work\/en\/privacy-policy\/#breadcrumb\"},\"inLanguage\":\"en-US\",\"potentialAction\":[{\"@type\":\"ReadAction\",\"target\":[\"https:\/\/pesaminsk.052b.work\/en\/privacy-policy\/\"]}]},{\"@type\":\"BreadcrumbList\",\"@id\":\"https:\/\/pesaminsk.052b.work\/en\/privacy-policy\/#breadcrumb\",\"itemListElement\":[{\"@type\":\"ListItem\",\"position\":1,\"name\":\"Strona g\u0142\u00f3wna\",\"item\":\"https:\/\/pesaminsk.052b.work\/en\/\"},{\"@type\":\"ListItem\",\"position\":2,\"name\":\"Privacy policy\"}]},{\"@type\":\"WebSite\",\"@id\":\"https:\/\/pesaminsk.052b.work\/en\/#website\",\"url\":\"https:\/\/pesaminsk.052b.work\/en\/\",\"name\":\"pesaminsk.052b.work\",\"description\":\"\",\"publisher\":{\"@id\":\"https:\/\/pesaminsk.052b.work\/en\/#organization\"},\"potentialAction\":[{\"@type\":\"SearchAction\",\"target\":{\"@type\":\"EntryPoint\",\"urlTemplate\":\"https:\/\/pesaminsk.052b.work\/en\/?s={search_term_string}\"},\"query-input\":{\"@type\":\"PropertyValueSpecification\",\"valueRequired\":true,\"valueName\":\"search_term_string\"}}],\"inLanguage\":\"en-US\"},{\"@type\":\"Organization\",\"@id\":\"https:\/\/pesaminsk.052b.work\/en\/#organization\",\"name\":\"pesaminsk.052b.work\",\"url\":\"https:\/\/pesaminsk.052b.work\/en\/\",\"logo\":{\"@type\":\"ImageObject\",\"inLanguage\":\"en-US\",\"@id\":\"https:\/\/pesaminsk.052b.work\/en\/#\/schema\/logo\/image\/\",\"url\":\"https:\/\/pesaminsk.052b.work\/wp-content\/uploads\/2025\/06\/PESA_Minsk-Mazowiecki_logo.png\",\"contentUrl\":\"https:\/\/pesaminsk.052b.work\/wp-content\/uploads\/2025\/06\/PESA_Minsk-Mazowiecki_logo.png\",\"width\":348,\"height\":144,\"caption\":\"pesaminsk.052b.work\"},\"image\":{\"@id\":\"https:\/\/pesaminsk.052b.work\/en\/#\/schema\/logo\/image\/\"}}]}<\/script>\n<!-- \/ Yoast SEO plugin. -->","yoast_head_json":{"title":"Privacy policy | pesaminsk.052b.work","robots":{"index":"noindex","follow":"follow","max-snippet":"max-snippet:-1","max-image-preview":"max-image-preview:large","max-video-preview":"max-video-preview:-1"},"og_locale":"en_US","og_type":"article","og_title":"Privacy policy | pesaminsk.052b.work","og_description":"Privacy policy Zak\u0142ad\u00f3w naprawczych Taboru kolejowego ,,Mi\u0144sk mazowiecki\u201d sp\u00f3\u0142ka akcyjna z siedzib\u0105 w Mi\u0144sku Mazowieckim, ul. Gen. K. Sosnkowskiego 34 wprowadzony Zarz\u0105dzeniem Dyrektora Generalnego Nr 01-44\/NOR\/2020 z dnia 29.07.2020 roku Nr KRS 0000067499 Sp\u00f3\u0142ka pod firm\u0105 Zak\u0142ady Naprawcze Taboru Kolejowego \u201eMi\u0144sk Mazowiecki\u201d S.A. z siedzib\u0105 w Mi\u0144sku Mazowieckim przy ul. Gen. K. Sosnkowskiego 34, wpisana [&hellip;]","og_url":"https:\/\/pesaminsk.052b.work\/en\/privacy-policy\/","og_site_name":"pesaminsk.052b.work","article_modified_time":"2025-07-04T12:24:37+00:00","og_image":[{"width":387,"height":218,"url":"https:\/\/pesaminsk.052b.work\/wp-content\/uploads\/2025\/06\/logo-PESA_Minsk-Mazowiecki.png","type":"image\/png"}],"twitter_card":"summary_large_image","twitter_misc":{"Est. reading time":"3 minutes"},"schema":{"@context":"https:\/\/schema.org","@graph":[{"@type":"WebPage","@id":"https:\/\/pesaminsk.052b.work\/en\/privacy-policy\/","url":"https:\/\/pesaminsk.052b.work\/en\/privacy-policy\/","name":"Privacy policy | pesaminsk.052b.work","isPartOf":{"@id":"https:\/\/pesaminsk.052b.work\/en\/#website"},"datePublished":"2025-06-13T13:37:39+00:00","dateModified":"2025-07-04T12:24:37+00:00","breadcrumb":{"@id":"https:\/\/pesaminsk.052b.work\/en\/privacy-policy\/#breadcrumb"},"inLanguage":"en-US","potentialAction":[{"@type":"ReadAction","target":["https:\/\/pesaminsk.052b.work\/en\/privacy-policy\/"]}]},{"@type":"BreadcrumbList","@id":"https:\/\/pesaminsk.052b.work\/en\/privacy-policy\/#breadcrumb","itemListElement":[{"@type":"ListItem","position":1,"name":"Strona g\u0142\u00f3wna","item":"https:\/\/pesaminsk.052b.work\/en\/"},{"@type":"ListItem","position":2,"name":"Privacy policy"}]},{"@type":"WebSite","@id":"https:\/\/pesaminsk.052b.work\/en\/#website","url":"https:\/\/pesaminsk.052b.work\/en\/","name":"pesaminsk.052b.work","description":"","publisher":{"@id":"https:\/\/pesaminsk.052b.work\/en\/#organization"},"potentialAction":[{"@type":"SearchAction","target":{"@type":"EntryPoint","urlTemplate":"https:\/\/pesaminsk.052b.work\/en\/?s={search_term_string}"},"query-input":{"@type":"PropertyValueSpecification","valueRequired":true,"valueName":"search_term_string"}}],"inLanguage":"en-US"},{"@type":"Organization","@id":"https:\/\/pesaminsk.052b.work\/en\/#organization","name":"pesaminsk.052b.work","url":"https:\/\/pesaminsk.052b.work\/en\/","logo":{"@type":"ImageObject","inLanguage":"en-US","@id":"https:\/\/pesaminsk.052b.work\/en\/#\/schema\/logo\/image\/","url":"https:\/\/pesaminsk.052b.work\/wp-content\/uploads\/2025\/06\/PESA_Minsk-Mazowiecki_logo.png","contentUrl":"https:\/\/pesaminsk.052b.work\/wp-content\/uploads\/2025\/06\/PESA_Minsk-Mazowiecki_logo.png","width":348,"height":144,"caption":"pesaminsk.052b.work"},"image":{"@id":"https:\/\/pesaminsk.052b.work\/en\/#\/schema\/logo\/image\/"}}]}},"_links":{"self":[{"href":"https:\/\/pesaminsk.052b.work\/en\/wp-json\/wp\/v2\/pages\/2522","targetHints":{"allow":["GET"]}}],"collection":[{"href":"https:\/\/pesaminsk.052b.work\/en\/wp-json\/wp\/v2\/pages"}],"about":[{"href":"https:\/\/pesaminsk.052b.work\/en\/wp-json\/wp\/v2\/types\/page"}],"author":[{"embeddable":true,"href":"https:\/\/pesaminsk.052b.work\/en\/wp-json\/wp\/v2\/users\/1"}],"replies":[{"embeddable":true,"href":"https:\/\/pesaminsk.052b.work\/en\/wp-json\/wp\/v2\/comments?post=2522"}],"version-history":[{"count":5,"href":"https:\/\/pesaminsk.052b.work\/en\/wp-json\/wp\/v2\/pages\/2522\/revisions"}],"predecessor-version":[{"id":2527,"href":"https:\/\/pesaminsk.052b.work\/en\/wp-json\/wp\/v2\/pages\/2522\/revisions\/2527"}],"wp:attachment":[{"href":"https:\/\/pesaminsk.052b.work\/en\/wp-json\/wp\/v2\/media?parent=2522"}],"curies":[{"name":"wp","href":"https:\/\/api.w.org\/{rel}","templated":true}]}}